{"id":39,"date":"2025-01-02T13:55:52","date_gmt":"2025-01-02T13:55:52","guid":{"rendered":"https:\/\/www.gaspertorkar.com\/?page_id=39"},"modified":"2026-01-10T21:01:59","modified_gmt":"2026-01-10T21:01:59","slug":"projects","status":"publish","type":"page","link":"https:\/\/www.gaspertorkar.com\/?page_id=39","title":{"rendered":"comissions &amp; contributions"},"content":{"rendered":"\n<p class=\"has-text-align-right\"><em>selected recent productions<\/em><\/p>\n\n\n\n<h5 class=\"wp-block-heading has-text-align-left\" style=\"letter-spacing:0.5px\">Music for Theatre &amp; performance<\/h5>\n\n\n\n<ul style=\"color:#ffffffd9\" class=\"wp-block-list has-text-color has-link-color wp-elements-9cc4862896f9f37f2e23fcb6fcd956a9\">\n<li>2025-09-11 <strong><a href=\"https:\/\/www.glej.si\/razpletanje-vrta-iii\">RAZPLETANJE VRTA III<\/a><\/strong> by Neja Tom\u0161i\u010d \u2551<em>Gledali\u0161\u010de Glej<\/em>, LJ<\/li>\n\n\n\n<li>2025-08-30 <strong><a href=\"https:\/\/www.bunker.si\/events\/mladi-levi-proste-vaje\/\">PROSTE VAJE<\/a><\/strong> by Nonument Group \u2551 <em>Mladi levi, LJ<\/em><\/li>\n\n\n\n<li>2023-09-28 <strong>RAZPLETANJE VRTA<\/strong> by Neja Tom\u0161i\u010d \u2551 <em>Cukrarna, LJ<\/em><\/li>\n\n\n\n<li>2023-03-17 <strong><a href=\"https:\/\/www.glej.si\/soap-opera\">SOAP OPERA<\/a><\/strong>, dir. by Marko \u010ceh \u2551 <em>Gledali\u0161\u010de Glej<\/em>, <em>LJ<\/em><\/li>\n\n\n\n<li>2022-11-25 <strong><a href=\"https:\/\/moment.si\/predstava\/je-ze-konec\/\">JE \u017dE KONEC?<\/a><\/strong> by Moment \u2551 <em>GT22, MB<\/em><\/li>\n\n\n\n<li>2022-05-28 <strong><a href=\"https:\/\/www.youtube.com\/watch?v=VWlAttk-stw\">PREKAT<\/a><\/strong>, with Erato Dance Studio \u2551 <em>Libertas, KP<\/em><\/li>\n\n\n\n<li>2021-05-15 <strong><a href=\"https:\/\/www.sng-mb.si\/event\/macka-na-vroci-plocevinasti-strehi\/\">MA\u010cKA NA VRO\u010cI PLO\u010cEVINASTI STREHI<\/a><\/strong>, dir. by Jan Krmelj\u2551 <em>Drama SNG Maribor<\/em><\/li>\n\n\n\n<li>2020-09-30 <strong><a href=\"https:\/\/www.sng-mb.si\/event\/proslava\/\">PROSLAVA<\/a><\/strong>, dir. by Jan Krmelj \u2551 <em>Drama SNG Maribor<\/em><\/li>\n\n\n\n<li>2019-12-21 <strong><a href=\"https:\/\/www.osmoza.si\/node\/1973\">ANTIFONE<\/a><\/strong> by Jan Krmelj &amp; Nika Prusnik Kardum \u2551 <em>osmo\/za, LJ<\/em><\/li>\n\n\n\n<li>2019-11-05 <strong><a href=\"https:\/\/veza.sigledal.org\/uprizoritev\/za-praznino-jok-kamere\">ZA PRAZNINO \/ JOK KAMERE<\/a><\/strong>, dir. by Jan Krmelj \u2551 <em>\u0160vicarija, LJ<\/em><\/li>\n\n\n\n<li>2019-09-29 <strong><a href=\"https:\/\/veza.sigledal.org\/uprizoritev\/triadni-balet\">TRIADNI BALET<\/a><\/strong>, dir. by Jan Krmelj \u2551 <em>Sokolski dom Tabor, LJ<\/em> <\/li>\n\n\n\n<li>2017-05-20 <strong>HAMLET<\/strong>, dir. by Jan Krmelj\u2551 <em>Cankarjev dom, LJ<\/em><\/li>\n\n\n\n<li>2016-09-23 <strong><a href=\"https:\/\/www.drama.si\/dogodek\/utopia\/\">UTOPIA<\/a><\/strong>, dir. by Jan Krmelj \u2551 <em>SNG Drama Ljubljana<\/em><\/li>\n\n\n\n<li>2016-06-18 <strong>SYMPTOMA<\/strong>, as DivinaMimesis collective\u2551 Narodna Galerija, LJ<\/li>\n<\/ul>\n\n\n\n<h5 class=\"wp-block-heading has-text-align-left\" style=\"border-style:none;border-width:0px;padding-top:0;padding-bottom:0;letter-spacing:0.5px\">music and sound design for art projects<\/h5>\n\n\n\n<ul style=\"color:#ffffffd9\" class=\"wp-block-list has-text-color has-link-color wp-elements-7dcbe8bc801caef4eaee668eba7e9a00\">\n<li>2025-12-05 <strong><a href=\"https:\/\/www.kinosiska.si\/dogodek\/lara-reichmann-point-source\/\">POINT SOURCE<\/a> <\/strong>by Lara Reichmann \u2551 Kino \u0160i\u0161ka, Ljubljana<\/li>\n\n\n\n<li>2025-11-25 <strong><a href=\"https:\/\/wiki.ljudmila.org\/Maja_Bojani%C4%87_in_Brin_%C5%BDvan:_Struggles_Beyond_Repair\">STRUGGLES BEYOND REPAIR<\/a> <\/strong>by Maja Bojani\u0107 \u2551 osmo\/za, Ljubljana<\/li>\n\n\n\n<li>2025-09-19 <strong><a href=\"https:\/\/nicoletticontemporary.com\/2025\/09\/nana-wolke-nothing-left-to-want\/\">NOTHING LEFT TO WANT<\/a> <\/strong>by Nana Wolke \u2551 <em>N\u0131COLETT\u0131, London<\/em><\/li>\n\n\n\n<li>2025-05-23 <strong><a href=\"https:\/\/ravnikar.org\/neja-tomsic-garden-si\">VRT, NEKOLIKO PU\u0160\u010cAVEN<\/a><\/strong> by Neja Tom\u0161i\u010d \u2551 <em>Ravnikar Gallery Space, Ljubljana<\/em><\/li>\n\n\n\n<li>2025-06-18 <strong>YOURS IS THE WORLD IN WHICH I MOVE UNINVITED<\/strong> by Maja Bojani\u0107 \u2551 <em>mumok, Vienna<\/em><\/li>\n\n\n\n<li>2024-11-08 <strong><a href=\"https:\/\/www.galerijaskuc.si\/si\/exhibition\/institute-for-mould-preservation-first-examples-of-entanglement\/\">IN\u0160TITUT ZA ZA\u0160\u010cITO PLESNI: PRVI PRIMERI PREPLETANJA<\/a><\/strong> by Maja Bojani\u0107 \u2551 <em>\u0160KUC Gallery, Ljubljana<\/em><\/li>\n\n\n\n<li>2024-10-23 <strong><a href=\"https:\/\/ravnikar.org\/lara-reichmann-disposable-bodies\">DISPOSABLE BODIES<\/a><\/strong> by Lara Reichmann \u2551 <em>Ravnikar Gallery Space, Ljubljana<\/em><\/li>\n\n\n\n<li>2024-10-02 <strong><a href=\"https:\/\/aksioma.org\/sl\/kora\">KORA<\/a><\/strong> by Gaia Radi\u0107 \u2551 <em>Aksioma, Ljubljana<\/em><\/li>\n\n\n\n<li>2024-06-17 <strong><a href=\"https:\/\/u3-2024.mg-lj.si\/en\/team\/nana-wolke-2\/\">BLIND SPOT<\/a><\/strong> by Nana Wolke \u2551 <em>Triennial of contemporary art U3, Ljubljana<\/em><\/li>\n\n\n\n<li>2023-12-13 <strong><a href=\"https:\/\/aksioma.org\/sl\/loading.suns\">LOADING SUNS<\/a><\/strong> by Lara Reichmann \u2551 <em>Aksioma, Ljubljana<\/em><\/li>\n\n\n\n<li>2023-09-29 <strong>RAZPLETANJE VRTA<\/strong> by Neja Tom\u0161i\u010d \u2551 <em>Cukrarna, Ljubljana<\/em><\/li>\n\n\n\n<li>2023-07-07 <strong><a href=\"https:\/\/ne-ja.com\/wide-winds-we-set-sail\">&#8220;PIHA \u0160IROKO, IZPLUJEVA&#8221;<\/a><\/strong> by Neja Tom\u0161i\u010d \u2551 <em>Monfort<\/em>, <em>Portoro\u017e<\/em><\/li>\n\n\n\n<li>2022-11-16 <strong><a href=\"https:\/\/nicoletticontemporary.com\/2022\/11\/wandas\/\">WANDA&#8217;S<\/a><\/strong> by Nana Wolke \u2551 <em>N\u0131COLETT\u0131, London<\/em><\/li>\n\n\n\n<li>2021-11-29 <strong><a href=\"https:\/\/vinvin.eu\/exhibitions\/nana-wolke-4-28-to-5-28-am\">&#8220;4:28 &#8211; 5:28 AM&#8221;<\/a><\/strong> by Nana Wolke \u2551 <em>VIN VIN Gallery, Vienna<\/em><\/li>\n\n\n\n<li>2021-06-23 <a href=\"https:\/\/nonument.org\/nonument_groups\/tgh-48-nothing-can-happen-here\/\"><strong>TGH-48<\/strong>: <strong>Tukaj se ni\u010d ne more zgoditi<\/strong><\/a> by Nonument Group \u2551 <em>MAO, Severjeva gara\u017ea, Ljubljana<\/em><\/li>\n\n\n\n<li>2021-09-07 <strong><a href=\"https:\/\/www.faceorfactory.ooo\/unstableprotocols\">FACEORFACTORY: UNSTABLE PROTOCOLS<\/a><\/strong> by Alja\u017e Rudolf &amp; Eva Smrekar \u2551 <em>Kapelica<\/em> <em>Gallery, Ljubljana<\/em><\/li>\n\n\n\n<li>2020-09-09 <strong><a href=\"https:\/\/www.faceorfactory.ooo\/holeysurface\">FACEORFACTORY: HOLEY SURFACE<\/a><\/strong> by Alja\u017e Rudolf &amp; Eva Smrekar \u2551 <em><em>Kapelica<\/em> <em>Gallery<\/em>, Ljubljana<\/em><\/li>\n<\/ul>\n","protected":false},"excerpt":{"rendered":"<p>selected recent productions Music for Theatre &amp; performance music and sound design for art projects<\/p>\n","protected":false},"author":1,"featured_media":0,"parent":0,"menu_order":0,"comment_status":"closed","ping_status":"closed","template":"","meta":{"footnotes":""},"class_list":["post-39","page","type-page","status-publish","hentry"],"_links":{"self":[{"href":"https:\/\/www.gaspertorkar.com\/index.php?rest_route=\/wp\/v2\/pages\/39","targetHints":{"allow":["GET"]}}],"collection":[{"href":"https:\/\/www.gaspertorkar.com\/index.php?rest_route=\/wp\/v2\/pages"}],"about":[{"href":"https:\/\/www.gaspertorkar.com\/index.php?rest_route=\/wp\/v2\/types\/page"}],"author":[{"embeddable":true,"href":"https:\/\/www.gaspertorkar.com\/index.php?rest_route=\/wp\/v2\/users\/1"}],"replies":[{"embeddable":true,"href":"https:\/\/www.gaspertorkar.com\/index.php?rest_route=%2Fwp%2Fv2%2Fcomments&post=39"}],"version-history":[{"count":38,"href":"https:\/\/www.gaspertorkar.com\/index.php?rest_route=\/wp\/v2\/pages\/39\/revisions"}],"predecessor-version":[{"id":148,"href":"https:\/\/www.gaspertorkar.com\/index.php?rest_route=\/wp\/v2\/pages\/39\/revisions\/148"}],"wp:attachment":[{"href":"https:\/\/www.gaspertorkar.com\/index.php?rest_route=%2Fwp%2Fv2%2Fmedia&parent=39"}],"curies":[{"name":"wp","href":"https:\/\/api.w.org\/{rel}","templated":true}]}}